{"id":17,"date":"2018-07-18T17:07:31","date_gmt":"2018-07-18T17:07:31","guid":{"rendered":"http:\/\/www.protecingenieria.cl\/nuevo\/?page_id=17"},"modified":"2022-12-12T14:09:05","modified_gmt":"2022-12-12T14:09:05","slug":"contacto-protec","status":"publish","type":"page","link":"https:\/\/protecingenieria.cl\/index.php\/contacto-protec\/","title":{"rendered":"Contacto"},"content":{"rendered":"<div class=\"wpb-content-wrapper\"><p>[vc_row css_animation=\u00bb\u00bb row_type=\u00bbrow\u00bb use_row_as_full_screen_section=\u00bbno\u00bb type=\u00bbfull_width\u00bb angled_section=\u00bbno\u00bb text_align=\u00bbleft\u00bb background_image_as_pattern=\u00bbwithout_pattern\u00bb][vc_column][vc_raw_html]JTNDJTIxLS0lMjBFdmVudCUyMHNuaXBwZXQlMjBmb3IlMjBDb250YWN0byUyMGNvbnZlcnNpb24lMjBwYWdlJTIwLS0lM0UlMEElM0NzY3JpcHQlM0UlMEElMjAlMjBndGFnJTI4JTI3ZXZlbnQlMjclMkMlMjAlMjdjb252ZXJzaW9uJTI3JTJDJTIwJTdCJTI3c2VuZF90byUyNyUzQSUyMCUyN0FXLTk3MTY5ODg3NSUyRk84ZHZDSjY5d1Y0UXUtV3J6d00lMjclN0QlMjklM0IlMEElM0MlMkZzY3JpcHQlM0U=[\/vc_raw_html][vc_raw_html]JTNDY2VudGVyJTNFJTNDaDElMjBzdHlsZSUzRCUyMmNvbG9yJTNBJTIwJTIzMDAwJTNCJTIwZm9udC1mYW1pbHklM0ElMjAlMjdSYWxld2F5JTI3JTJDc2Fucy1zZXJpZiUzQiUyMGZvbnQtc2l6ZSUzQSUyMDI5cHglM0IlMjBmb250LXdlaWdodCUzQSUyMDYwMCUzQiUyMGxldHRlci1zcGFjaW5nJTNBJTIwMCUzQiUyMHRleHQtdHJhbnNmb3JtJTNBJTIwbm9uZSUzQiUyMiUzRUNvbnQlQzMlQTFjdGVub3MlM0MlMkZoMSUzRSUzQyUyRmNlbnRlciUzRQ==[\/vc_raw_html][vc_separator type=\u00bbnormal\u00bb color=\u00bb#e0e0e0&#8243;][vc_empty_space][\/vc_column][\/vc_row][vc_row css_animation=\u00bb\u00bb row_type=\u00bbrow\u00bb use_row_as_full_screen_section=\u00bbno\u00bb type=\u00bbfull_width\u00bb angled_section=\u00bbno\u00bb text_align=\u00bbleft\u00bb background_image_as_pattern=\u00bbwithout_pattern\u00bb][vc_column width=\u00bb2\/3&#8243;][vc_single_image image=\u00bb779&#8243; img_size=\u00bbfull\u00bb qode_css_animation=\u00bb\u00bb el_class=\u00bbborder\u00bb][vc_empty_space][vc_raw_html]JTNDcCUyMHN0eWxlJTNEJTIyY29sb3IlM0ElMjAlMjM5MDkwOTAlM0IlMEElMjAlMjAlMjAlMjBmb250LWZhbWlseSUzQSUyMCUyN1JhbGV3YXklMjclMkNzYW5zLXNlcmlmJTNCJTBBJTIwJTIwJTIwJTIwZm9udC1zaXplJTNBJTIwMTVweCUzQiUwQSUyMCUyMCUyMCUyMGZvbnQtd2VpZ2h0JTNBJTIwNDAwJTNCJTIwdGV4LWFsaWduJTNBanVzdGlmeSUzQiUyMiUzRSUwQSUwQSUzQ3NwYW4lMjBzdHlsZSUzRCUyMmZvbnQtZmFtaWx5JTNBJTIwJTI3UmFsZXdheSUyNyUyQ3NhbnMtc2VyaWYlM0IlMEElMjAlMjAlMjAlMjBmb250LXNpemUlM0ElMjAyMHB4JTNCJTBBJTIwJTIwJTIwJTIwZm9udC13ZWlnaHQlM0ElMjA1MDAlM0IlMjIlM0UlM0NiJTNFQ29udGFjdGVub3MlM0MlMkZiJTNFJTNDJTJGc3BhbiUzRSUzQ2JyJTNFJTNDYnIlM0UlMEFDYW1pbm8lMjBkZWwlMjBjZXJybyUyME4lQzIlQkElMjAyOTAlMkMlMjBNJUMzJUIzZHVsbyUyMEc1JTJDJTIwUXVpbGljdXJhJTBBJTBBJTNDYSUyMHN0eWxlJTNEJTIyY29sb3IlM0ElMjMwMDAlMjJocmVmJTNEJTIybWFpbHRvJTNBdmVudGFzJTQwcHJvdGVjaW5nZW5pZXJpYS5jbCUyMiUzRSUzQ2JyJTNFJTNDYiUzRXZlbnRhcyU0MHByb3RlY2luZ2VuaWVyaWEuY2wlM0MlMkZiJTNFJTNDJTJGYSUzRSUzQ2JyJTNFJTBBJTBBJTNDYSUyMHN0eWxlJTNEJTIyY29sb3IlM0ElMjMwMDAlMjIlMjBocmVmJTNEJTIyRm9ubyUzQTU2MjMyMjg1MTMxJTIyJTNFVGVsLiUyOCUyQjU2MiUyOTMyMjg1MTMxJTNDJTJGYSUzRSUzQ2JyJTNFJTBBJTNDYSUyMHN0eWxlJTNEJTIyY29sb3IlM0ElMjMwMDAlMjIlMjBocmVmJTNEJTIyTSVDMyVCM3ZpbCUzQTU2OTQ0MTA2MTA3JTIyJTNFTW92aWwlMjAlMjglMkI1NiUyMDklMjklMjA5MTU4MDAzMyUzQyUyRmElM0UlM0NiciUzRSUzQ2JyJTNFJTBBJTBBU2lndWVub3MlMjBlbiUzQSUyMCUwQSUwQSUzQyUyRnAlM0U=[\/vc_raw_html]<span class='q_social_icon_holder circle_social' data-color=#dd3333 data-hover-color=#ffffff><a itemprop='url' href='https:\/\/www.facebook.com\/protecingenieria.cl\/' target='_blank'><span class='fa-stack fa-lg' style='background-color: #000000;'><i class=\"qode_icon_font_awesome fa fa-facebook-square \" style=\"color: #dd3333;\" ><\/i><\/span><\/a><\/span><span class='q_social_icon_holder circle_social' data-color=#dd3333 data-hover-color=#ffffff><a itemprop='url' href='https:\/\/www.instagram.com\/cortinasmetalicasprotec\/' target='_blank'><span class='fa-stack fa-lg' style='background-color: #000000;'><i class=\"qode_icon_font_awesome fa fa-instagram \" style=\"color: #dd3333;\" ><\/i><\/span><\/a><\/span><span class='q_social_icon_holder circle_social' data-color=#dd3333 data-hover-color=#ffffff><a itemprop='url' href='https:\/\/www.pinterest.cl\/protec_ing\/?eq=protec%20i&amp;etslf=7737' target='_blank'><span class='fa-stack fa-lg' style='background-color: #000000;'><i class=\"qode_icon_font_awesome fa fa-pinterest-square \" style=\"color: #dd3333;\" ><\/i><\/span><\/a><\/span><span class='q_social_icon_holder circle_social' data-color=#dd3333 data-hover-color=#ffffff><a itemprop='url' href='https:\/\/twitter.com\/proteccortinas' target='_blank'><span class='fa-stack fa-lg' style='background-color: #000000;'><i class=\"qode_icon_font_awesome fa fa-twitter-square \" style=\"color: #dd3333;\" ><\/i><\/span><\/a><\/span>[\/vc_column][vc_column width=\u00bb1\/3&#8243;][vc_empty_space][vc_raw_html]JTVCZm9ybWlkYWJsZSUyMGlkJTNEMyU1RA==[\/vc_raw_html][\/vc_column][\/vc_row][vc_row css_animation=\u00bb\u00bb row_type=\u00bbrow\u00bb use_row_as_full_screen_section=\u00bbno\u00bb type=\u00bbfull_width\u00bb angled_section=\u00bbno\u00bb text_align=\u00bbleft\u00bb background_image_as_pattern=\u00bbwithout_pattern\u00bb][vc_column][vc_empty_space][\/vc_column][\/vc_row]<\/p>\n<\/div>","protected":false},"excerpt":{"rendered":"<p>[vc_row css_animation=\u00bb\u00bb row_type=\u00bbrow\u00bb use_row_as_full_screen_section=\u00bbno\u00bb type=\u00bbfull_width\u00bb angled_section=\u00bbno\u00bb text_align=\u00bbleft\u00bb background_image_as_pattern=\u00bbwithout_pattern\u00bb][vc_column][vc_raw_html]JTNDJTIxLS0lMjBFdmVudCUyMHNuaXBwZXQlMjBmb3IlMjBDb250YWN0byUyMGNvbnZlcnNpb24lMjBwYWdlJTIwLS0lM0UlMEElM0NzY3JpcHQlM0UlMEElMjAlMjBndGFnJTI4JTI3ZXZlbnQlMjclMkMlMjAlMjdjb252ZXJzaW9uJTI3JTJDJTIwJTdCJTI3c2VuZF90byUyNyUzQSUyMCUyN0FXLTk3MTY5ODg3NSUyRk84ZHZDSjY5d1Y0UXUtV3J6d00lMjclN0QlMjklM0IlMEElM0MlMkZzY3JpcHQlM0U=[\/vc_raw_html][vc_raw_html]JTNDY2VudGVyJTNFJTNDaDElMjBzdHlsZSUzRCUyMmNvbG9yJTNBJTIwJTIzMDAwJTNCJTIwZm9udC1mYW1pbHklM0ElMjAlMjdSYWxld2F5JTI3JTJDc2Fucy1zZXJpZiUzQiUyMGZvbnQtc2l6ZSUzQSUyMDI5cHglM0IlMjBmb250LXdlaWdodCUzQSUyMDYwMCUzQiUyMGxldHRlci1zcGFjaW5nJTNBJTIwMCUzQiUyMHRleHQtdHJhbnNmb3JtJTNBJTIwbm9uZSUzQiUyMiUzRUNvbnQlQzMlQTFjdGVub3MlM0MlMkZoMSUzRSUzQyUyRmNlbnRlciUzRQ==[\/vc_raw_html][vc_separator type=\u00bbnormal\u00bb color=\u00bb#e0e0e0&#8243;][vc_empty_space][\/vc_column][\/vc_row][vc_row css_animation=\u00bb\u00bb row_type=\u00bbrow\u00bb use_row_as_full_screen_section=\u00bbno\u00bb type=\u00bbfull_width\u00bb angled_section=\u00bbno\u00bb text_align=\u00bbleft\u00bb background_image_as_pattern=\u00bbwithout_pattern\u00bb][vc_column width=\u00bb2\/3&#8243;][vc_single_image image=\u00bb779&#8243; img_size=\u00bbfull\u00bb qode_css_animation=\u00bb\u00bb el_class=\u00bbborder\u00bb][vc_empty_space][vc_raw_html]JTNDcCUyMHN0eWxlJTNEJTIyY29sb3IlM0ElMjAlMjM5MDkwOTAlM0IlMEElMjAlMjAlMjAlMjBmb250LWZhbWlseSUzQSUyMCUyN1JhbGV3YXklMjclMkNzYW5zLXNlcmlmJTNCJTBBJTIwJTIwJTIwJTIwZm9udC1zaXplJTNBJTIwMTVweCUzQiUwQSUyMCUyMCUyMCUyMGZvbnQtd2VpZ2h0JTNBJTIwNDAwJTNCJTIwdGV4LWFsaWduJTNBanVzdGlmeSUzQiUyMiUzRSUwQSUwQSUzQ3NwYW4lMjBzdHlsZSUzRCUyMmZvbnQtZmFtaWx5JTNBJTIwJTI3UmFsZXdheSUyNyUyQ3NhbnMtc2VyaWYlM0IlMEElMjAlMjAlMjAlMjBmb250LXNpemUlM0ElMjAyMHB4JTNCJTBBJTIwJTIwJTIwJTIwZm9udC13ZWlnaHQlM0ElMjA1MDAlM0IlMjIlM0UlM0NiJTNFQ29udGFjdGVub3MlM0MlMkZiJTNFJTNDJTJGc3BhbiUzRSUzQ2JyJTNFJTNDYnIlM0UlMEFDYW1pbm8lMjBkZWwlMjBjZXJybyUyME4lQzIlQkElMjAyOTAlMkMlMjBNJUMzJUIzZHVsbyUyMEc1JTJDJTIwUXVpbGljdXJhJTBBJTBBJTNDYSUyMHN0eWxlJTNEJTIyY29sb3IlM0ElMjMwMDAlMjJocmVmJTNEJTIybWFpbHRvJTNBdmVudGFzJTQwcHJvdGVjaW5nZW5pZXJpYS5jbCUyMiUzRSUzQ2JyJTNFJTNDYiUzRXZlbnRhcyU0MHByb3RlY2luZ2VuaWVyaWEuY2wlM0MlMkZiJTNFJTNDJTJGYSUzRSUzQ2JyJTNFJTBBJTBBJTNDYSUyMHN0eWxlJTNEJTIyY29sb3IlM0ElMjMwMDAlMjIlMjBocmVmJTNEJTIyRm9ubyUzQTU2MjMyMjg1MTMxJTIyJTNFVGVsLiUyOCUyQjU2MiUyOTMyMjg1MTMxJTNDJTJGYSUzRSUzQ2JyJTNFJTBBJTNDYSUyMHN0eWxlJTNEJTIyY29sb3IlM0ElMjMwMDAlMjIlMjBocmVmJTNEJTIyTSVDMyVCM3ZpbCUzQTU2OTQ0MTA2MTA3JTIyJTNFTW92aWwlMjAlMjglMkI1NiUyMDklMjklMjA5MTU4MDAzMyUzQyUyRmElM0UlM0NiciUzRSUzQ2JyJTNFJTBBJTBBU2lndWVub3MlMjBlbiUzQSUyMCUwQSUwQSUzQyUyRnAlM0U=[\/vc_raw_html][\/vc_column][vc_column width=\u00bb1\/3&#8243;][vc_empty_space][vc_raw_html]JTVCZm9ybWlkYWJsZSUyMGlkJTNEMyU1RA==[\/vc_raw_html][\/vc_column][\/vc_row][vc_row css_animation=\u00bb\u00bb row_type=\u00bbrow\u00bb use_row_as_full_screen_section=\u00bbno\u00bb type=\u00bbfull_width\u00bb angled_section=\u00bbno\u00bb text_align=\u00bbleft\u00bb background_image_as_pattern=\u00bbwithout_pattern\u00bb][vc_column][vc_empty_space][\/vc_column][\/vc_row]<\/p>\n","protected":false},"author":4,"featured_media":0,"parent":0,"menu_order":0,"comment_status":"closed","ping_status":"closed","template":"","meta":{"footnotes":""},"class_list":["post-17","page","type-page","status-publish","hentry"],"yoast_head":"<!-- This site is optimized with the Yoast SEO plugin v23.8 - https:\/\/yoast.com\/wordpress\/plugins\/seo\/ -->\n<title>Protec Ingenieria | Cortinas Met\u00e1licas, cortinas met\u00e1licas antivand\u00e1licas, cortinas metalicas industriales, cortinas metalicas Galpones, Biombo Metalico, cortina metalica, cortinas metalicas enrrollables, cortinas metalicas precios, venta de cortinas metalicas, cortina met\u00e1lica, cortinas met\u00e1licas, cortinas metalicas chile, cortinas metalicas manuales, cortinas metalicas santiago, Persianas aluminio, Persinas aluminio motorizada, Puertas met\u00e1licas, Puertas Industriales, Puertas de seguridad, Puertas Antivand\u00e1licas, Puertas Blindadas, Puertas Antiflama, Puertas Antiflama F-30, Puertas Antiflama F-60, Puertas Antiflama F-90, Puertas Antiflama F-120, Puertas Met\u00e1licas Celos\u00edas, Puertas Met\u00e1licas Mallas<\/title>\n<meta name=\"description\" content=\"Contacto Protec Ingenieria - Fabricaci\u00f3n e instalaci\u00f3n de cortinas metalicas, persianas de aluminio y Puertas de seguridad lisas; Motorizas y Manuales\" \/>\n<meta name=\"robots\" content=\"noindex, follow\" \/>\n<meta property=\"og:locale\" content=\"es_ES\" \/>\n<meta property=\"og:type\" content=\"article\" \/>\n<meta property=\"og:title\" content=\"Protec Ingenieria | Cortinas Met\u00e1licas, cortinas met\u00e1licas antivand\u00e1licas, cortinas metalicas industriales, cortinas metalicas Galpones, Biombo Metalico, cortina metalica, cortinas metalicas enrrollables, cortinas metalicas precios, venta de cortinas metalicas, cortina met\u00e1lica, cortinas met\u00e1licas, cortinas metalicas chile, cortinas metalicas manuales, cortinas metalicas santiago, Persianas aluminio, Persinas aluminio motorizada, Puertas met\u00e1licas, Puertas Industriales, Puertas de seguridad, Puertas Antivand\u00e1licas, Puertas Blindadas, Puertas Antiflama, Puertas Antiflama F-30, Puertas Antiflama F-60, Puertas Antiflama F-90, Puertas Antiflama F-120, Puertas Met\u00e1licas Celos\u00edas, Puertas Met\u00e1licas Mallas\" \/>\n<meta property=\"og:description\" content=\"Contacto Protec Ingenieria - Fabricaci\u00f3n e instalaci\u00f3n de cortinas metalicas, persianas de aluminio y Puertas de seguridad lisas; Motorizas y Manuales\" \/>\n<meta property=\"og:url\" content=\"https:\/\/protecingenieria.cl\/index.php\/contacto-protec\/\" \/>\n<meta property=\"og:site_name\" content=\"Protec Ingenieria | Cortinas Met\u00e1licas, cortinas met\u00e1licas antivand\u00e1licas, cortinas metalicas industriales, cortinas metalicas Galpones, Biombo Metalico, cortina metalica, cortinas metalicas enrrollables, cortinas metalicas precios, venta de cortinas metalicas, cortina met\u00e1lica, cortinas met\u00e1licas, cortinas metalicas chile, cortinas metalicas manuales, cortinas metalicas santiago, Persianas aluminio, Persinas aluminio motorizada, Puertas met\u00e1licas, Puertas Industriales, Puertas de seguridad, Puertas Antivand\u00e1licas, Puertas Blindadas, Puertas Antiflama, Puertas Antiflama F-30, Puertas Antiflama F-60, Puertas Antiflama F-90, Puertas Antiflama F-120, Puertas Met\u00e1licas Celos\u00edas, Puertas Met\u00e1licas Mallas\" \/>\n<meta property=\"article:modified_time\" content=\"2022-12-12T14:09:05+00:00\" \/>\n<meta name=\"twitter:card\" content=\"summary_large_image\" \/>\n<meta name=\"twitter:label1\" content=\"Tiempo de lectura\" \/>\n\t<meta name=\"twitter:data1\" content=\"2 minutos\" \/>\n<script type=\"application\/ld+json\" class=\"yoast-schema-graph\">{\"@context\":\"https:\/\/schema.org\",\"@graph\":[{\"@type\":\"WebPage\",\"@id\":\"https:\/\/protecingenieria.cl\/index.php\/contacto-protec\/\",\"url\":\"https:\/\/protecingenieria.cl\/index.php\/contacto-protec\/\",\"name\":\"Protec Ingenieria | Cortinas Met\u00e1licas, cortinas met\u00e1licas antivand\u00e1licas, cortinas metalicas industriales, cortinas metalicas Galpones, Biombo Metalico, cortina metalica, cortinas metalicas enrrollables, cortinas metalicas precios, venta de cortinas metalicas, cortina met\u00e1lica, cortinas met\u00e1licas, cortinas metalicas chile, cortinas metalicas manuales, cortinas metalicas santiago, Persianas aluminio, Persinas aluminio motorizada, Puertas met\u00e1licas, Puertas Industriales, Puertas de seguridad, Puertas Antivand\u00e1licas, Puertas Blindadas, Puertas Antiflama, Puertas Antiflama F-30, Puertas Antiflama F-60, Puertas Antiflama F-90, Puertas Antiflama F-120, Puertas Met\u00e1licas Celos\u00edas, Puertas Met\u00e1licas Mallas\",\"isPartOf\":{\"@id\":\"https:\/\/protecingenieria.cl\/#website\"},\"datePublished\":\"2018-07-18T17:07:31+00:00\",\"dateModified\":\"2022-12-12T14:09:05+00:00\",\"description\":\"Contacto Protec Ingenieria - Fabricaci\u00f3n e instalaci\u00f3n de cortinas metalicas, persianas de aluminio y Puertas de seguridad lisas; Motorizas y Manuales\",\"breadcrumb\":{\"@id\":\"https:\/\/protecingenieria.cl\/index.php\/contacto-protec\/#breadcrumb\"},\"inLanguage\":\"es\",\"potentialAction\":[{\"@type\":\"ReadAction\",\"target\":[\"https:\/\/protecingenieria.cl\/index.php\/contacto-protec\/\"]}]},{\"@type\":\"BreadcrumbList\",\"@id\":\"https:\/\/protecingenieria.cl\/index.php\/contacto-protec\/#breadcrumb\",\"itemListElement\":[{\"@type\":\"ListItem\",\"position\":1,\"name\":\"Portada\",\"item\":\"https:\/\/protecingenieria.cl\/\"},{\"@type\":\"ListItem\",\"position\":2,\"name\":\"Contacto\"}]},{\"@type\":\"WebSite\",\"@id\":\"https:\/\/protecingenieria.cl\/#website\",\"url\":\"https:\/\/protecingenieria.cl\/\",\"name\":\"Protec Ingenieria | Cortinas Met\u00e1licas, cortinas met\u00e1licas antivand\u00e1licas, cortinas metalicas industriales, cortinas metalicas Galpones, Biombo Metalico, cortina metalica, cortinas metalicas enrrollables, cortinas metalicas precios, venta de cortinas metalicas, cortina met\u00e1lica, cortinas met\u00e1licas, cortinas metalicas chile, cortinas metalicas manuales, cortinas metalicas santiago, Persianas aluminio, Persinas aluminio motorizada, Puertas met\u00e1licas, Puertas Industriales, Puertas de seguridad, Puertas Antivand\u00e1licas, Puertas Blindadas, Puertas Antiflama, Puertas Antiflama F-30, Puertas Antiflama F-60, Puertas Antiflama F-90, Puertas Antiflama F-120, Puertas Met\u00e1licas Celos\u00edas, Puertas Met\u00e1licas Mallas\",\"description\":\"Protec Ingenieria | cortinas met\u00e1licas, cortinas met\u00e1licas antivand\u00e1licas, cortinas metalicas industriales, cortinas metalicas Galpones, Biombo Metalico, cortina metalica, cortinas metalicas enrrollables, cortinas metalicas precios, venta de cortinas metalicas, cortina met\u00e1lica, cortinas met\u00e1licas, cortinas metalicas chile, cortinas metalicas manuales, cortinas metalicas santiago, Persianas aluminio, Persinas aluminio motorizada, Puertas met\u00e1licas, Puertas Industriales, Puertas de seguridad, Puertas Antivand\u00e1licas, Puertas Blindadas, Puertas Antiflama, Puertas Antiflama F-30, Puertas Antiflama F-60, Puertas Antiflama F-90, Puertas Antiflama F-120, Puertas Met\u00e1licas Celos\u00edas, Puertas Met\u00e1licas Mallas\",\"publisher\":{\"@id\":\"https:\/\/protecingenieria.cl\/#organization\"},\"potentialAction\":[{\"@type\":\"SearchAction\",\"target\":{\"@type\":\"EntryPoint\",\"urlTemplate\":\"https:\/\/protecingenieria.cl\/?s={search_term_string}\"},\"query-input\":{\"@type\":\"PropertyValueSpecification\",\"valueRequired\":true,\"valueName\":\"search_term_string\"}}],\"inLanguage\":\"es\"},{\"@type\":\"Organization\",\"@id\":\"https:\/\/protecingenieria.cl\/#organization\",\"name\":\"Protec Ingenieria\",\"url\":\"https:\/\/protecingenieria.cl\/\",\"logo\":{\"@type\":\"ImageObject\",\"inLanguage\":\"es\",\"@id\":\"https:\/\/protecingenieria.cl\/#\/schema\/logo\/image\/\",\"url\":\"https:\/\/protecingenieria.cl\/wp-content\/uploads\/2018\/08\/Copia-de-logo-nuevo-protec.jpg\",\"contentUrl\":\"https:\/\/protecingenieria.cl\/wp-content\/uploads\/2018\/08\/Copia-de-logo-nuevo-protec.jpg\",\"width\":1867,\"height\":1025,\"caption\":\"Protec Ingenieria\"},\"image\":{\"@id\":\"https:\/\/protecingenieria.cl\/#\/schema\/logo\/image\/\"}}]}<\/script>\n<!-- \/ Yoast SEO plugin. -->","yoast_head_json":{"title":"Protec Ingenieria | Cortinas Met\u00e1licas, cortinas met\u00e1licas antivand\u00e1licas, cortinas metalicas industriales, cortinas metalicas Galpones, Biombo Metalico, cortina metalica, cortinas metalicas enrrollables, cortinas metalicas precios, venta de cortinas metalicas, cortina met\u00e1lica, cortinas met\u00e1licas, cortinas metalicas chile, cortinas metalicas manuales, cortinas metalicas santiago, Persianas aluminio, Persinas aluminio motorizada, Puertas met\u00e1licas, Puertas Industriales, Puertas de seguridad, Puertas Antivand\u00e1licas, Puertas Blindadas, Puertas Antiflama, Puertas Antiflama F-30, Puertas Antiflama F-60, Puertas Antiflama F-90, Puertas Antiflama F-120, Puertas Met\u00e1licas Celos\u00edas, Puertas Met\u00e1licas Mallas","description":"Contacto Protec Ingenieria - Fabricaci\u00f3n e instalaci\u00f3n de cortinas metalicas, persianas de aluminio y Puertas de seguridad lisas; Motorizas y Manuales","robots":{"index":"noindex","follow":"follow"},"og_locale":"es_ES","og_type":"article","og_title":"Protec Ingenieria | Cortinas Met\u00e1licas, cortinas met\u00e1licas antivand\u00e1licas, cortinas metalicas industriales, cortinas metalicas Galpones, Biombo Metalico, cortina metalica, cortinas metalicas enrrollables, cortinas metalicas precios, venta de cortinas metalicas, cortina met\u00e1lica, cortinas met\u00e1licas, cortinas metalicas chile, cortinas metalicas manuales, cortinas metalicas santiago, Persianas aluminio, Persinas aluminio motorizada, Puertas met\u00e1licas, Puertas Industriales, Puertas de seguridad, Puertas Antivand\u00e1licas, Puertas Blindadas, Puertas Antiflama, Puertas Antiflama F-30, Puertas Antiflama F-60, Puertas Antiflama F-90, Puertas Antiflama F-120, Puertas Met\u00e1licas Celos\u00edas, Puertas Met\u00e1licas Mallas","og_description":"Contacto Protec Ingenieria - Fabricaci\u00f3n e instalaci\u00f3n de cortinas metalicas, persianas de aluminio y Puertas de seguridad lisas; Motorizas y Manuales","og_url":"https:\/\/protecingenieria.cl\/index.php\/contacto-protec\/","og_site_name":"Protec Ingenieria | Cortinas Met\u00e1licas, cortinas met\u00e1licas antivand\u00e1licas, cortinas metalicas industriales, cortinas metalicas Galpones, Biombo Metalico, cortina metalica, cortinas metalicas enrrollables, cortinas metalicas precios, venta de cortinas metalicas, cortina met\u00e1lica, cortinas met\u00e1licas, cortinas metalicas chile, cortinas metalicas manuales, cortinas metalicas santiago, Persianas aluminio, Persinas aluminio motorizada, Puertas met\u00e1licas, Puertas Industriales, Puertas de seguridad, Puertas Antivand\u00e1licas, Puertas Blindadas, Puertas Antiflama, Puertas Antiflama F-30, Puertas Antiflama F-60, Puertas Antiflama F-90, Puertas Antiflama F-120, Puertas Met\u00e1licas Celos\u00edas, Puertas Met\u00e1licas Mallas","article_modified_time":"2022-12-12T14:09:05+00:00","twitter_card":"summary_large_image","twitter_misc":{"Tiempo de lectura":"2 minutos"},"schema":{"@context":"https:\/\/schema.org","@graph":[{"@type":"WebPage","@id":"https:\/\/protecingenieria.cl\/index.php\/contacto-protec\/","url":"https:\/\/protecingenieria.cl\/index.php\/contacto-protec\/","name":"Protec Ingenieria | Cortinas Met\u00e1licas, cortinas met\u00e1licas antivand\u00e1licas, cortinas metalicas industriales, cortinas metalicas Galpones, Biombo Metalico, cortina metalica, cortinas metalicas enrrollables, cortinas metalicas precios, venta de cortinas metalicas, cortina met\u00e1lica, cortinas met\u00e1licas, cortinas metalicas chile, cortinas metalicas manuales, cortinas metalicas santiago, Persianas aluminio, Persinas aluminio motorizada, Puertas met\u00e1licas, Puertas Industriales, Puertas de seguridad, Puertas Antivand\u00e1licas, Puertas Blindadas, Puertas Antiflama, Puertas Antiflama F-30, Puertas Antiflama F-60, Puertas Antiflama F-90, Puertas Antiflama F-120, Puertas Met\u00e1licas Celos\u00edas, Puertas Met\u00e1licas Mallas","isPartOf":{"@id":"https:\/\/protecingenieria.cl\/#website"},"datePublished":"2018-07-18T17:07:31+00:00","dateModified":"2022-12-12T14:09:05+00:00","description":"Contacto Protec Ingenieria - Fabricaci\u00f3n e instalaci\u00f3n de cortinas metalicas, persianas de aluminio y Puertas de seguridad lisas; Motorizas y Manuales","breadcrumb":{"@id":"https:\/\/protecingenieria.cl\/index.php\/contacto-protec\/#breadcrumb"},"inLanguage":"es","potentialAction":[{"@type":"ReadAction","target":["https:\/\/protecingenieria.cl\/index.php\/contacto-protec\/"]}]},{"@type":"BreadcrumbList","@id":"https:\/\/protecingenieria.cl\/index.php\/contacto-protec\/#breadcrumb","itemListElement":[{"@type":"ListItem","position":1,"name":"Portada","item":"https:\/\/protecingenieria.cl\/"},{"@type":"ListItem","position":2,"name":"Contacto"}]},{"@type":"WebSite","@id":"https:\/\/protecingenieria.cl\/#website","url":"https:\/\/protecingenieria.cl\/","name":"Protec Ingenieria | Cortinas Met\u00e1licas, cortinas met\u00e1licas antivand\u00e1licas, cortinas metalicas industriales, cortinas metalicas Galpones, Biombo Metalico, cortina metalica, cortinas metalicas enrrollables, cortinas metalicas precios, venta de cortinas metalicas, cortina met\u00e1lica, cortinas met\u00e1licas, cortinas metalicas chile, cortinas metalicas manuales, cortinas metalicas santiago, Persianas aluminio, Persinas aluminio motorizada, Puertas met\u00e1licas, Puertas Industriales, Puertas de seguridad, Puertas Antivand\u00e1licas, Puertas Blindadas, Puertas Antiflama, Puertas Antiflama F-30, Puertas Antiflama F-60, Puertas Antiflama F-90, Puertas Antiflama F-120, Puertas Met\u00e1licas Celos\u00edas, Puertas Met\u00e1licas Mallas","description":"Protec Ingenieria | cortinas met\u00e1licas, cortinas met\u00e1licas antivand\u00e1licas, cortinas metalicas industriales, cortinas metalicas Galpones, Biombo Metalico, cortina metalica, cortinas metalicas enrrollables, cortinas metalicas precios, venta de cortinas metalicas, cortina met\u00e1lica, cortinas met\u00e1licas, cortinas metalicas chile, cortinas metalicas manuales, cortinas metalicas santiago, Persianas aluminio, Persinas aluminio motorizada, Puertas met\u00e1licas, Puertas Industriales, Puertas de seguridad, Puertas Antivand\u00e1licas, Puertas Blindadas, Puertas Antiflama, Puertas Antiflama F-30, Puertas Antiflama F-60, Puertas Antiflama F-90, Puertas Antiflama F-120, Puertas Met\u00e1licas Celos\u00edas, Puertas Met\u00e1licas Mallas","publisher":{"@id":"https:\/\/protecingenieria.cl\/#organization"},"potentialAction":[{"@type":"SearchAction","target":{"@type":"EntryPoint","urlTemplate":"https:\/\/protecingenieria.cl\/?s={search_term_string}"},"query-input":{"@type":"PropertyValueSpecification","valueRequired":true,"valueName":"search_term_string"}}],"inLanguage":"es"},{"@type":"Organization","@id":"https:\/\/protecingenieria.cl\/#organization","name":"Protec Ingenieria","url":"https:\/\/protecingenieria.cl\/","logo":{"@type":"ImageObject","inLanguage":"es","@id":"https:\/\/protecingenieria.cl\/#\/schema\/logo\/image\/","url":"https:\/\/protecingenieria.cl\/wp-content\/uploads\/2018\/08\/Copia-de-logo-nuevo-protec.jpg","contentUrl":"https:\/\/protecingenieria.cl\/wp-content\/uploads\/2018\/08\/Copia-de-logo-nuevo-protec.jpg","width":1867,"height":1025,"caption":"Protec Ingenieria"},"image":{"@id":"https:\/\/protecingenieria.cl\/#\/schema\/logo\/image\/"}}]}},"_links":{"self":[{"href":"https:\/\/protecingenieria.cl\/index.php\/wp-json\/wp\/v2\/pages\/17","targetHints":{"allow":["GET"]}}],"collection":[{"href":"https:\/\/protecingenieria.cl\/index.php\/wp-json\/wp\/v2\/pages"}],"about":[{"href":"https:\/\/protecingenieria.cl\/index.php\/wp-json\/wp\/v2\/types\/page"}],"author":[{"embeddable":true,"href":"https:\/\/protecingenieria.cl\/index.php\/wp-json\/wp\/v2\/users\/4"}],"replies":[{"embeddable":true,"href":"https:\/\/protecingenieria.cl\/index.php\/wp-json\/wp\/v2\/comments?post=17"}],"version-history":[{"count":39,"href":"https:\/\/protecingenieria.cl\/index.php\/wp-json\/wp\/v2\/pages\/17\/revisions"}],"predecessor-version":[{"id":1378,"href":"https:\/\/protecingenieria.cl\/index.php\/wp-json\/wp\/v2\/pages\/17\/revisions\/1378"}],"wp:attachment":[{"href":"https:\/\/protecingenieria.cl\/index.php\/wp-json\/wp\/v2\/media?parent=17"}],"curies":[{"name":"wp","href":"https:\/\/api.w.org\/{rel}","templated":true}]}}