{"id":3541,"date":"2023-04-13T21:29:33","date_gmt":"2023-04-13T21:29:33","guid":{"rendered":"https:\/\/protecingenieria.cl\/?page_id=3541"},"modified":"2023-04-13T21:29:33","modified_gmt":"2023-04-13T21:29:33","slug":"writing-essays-for-pupils","status":"publish","type":"page","link":"https:\/\/protecingenieria.cl\/index.php\/writing-essays-for-pupils\/","title":{"rendered":"Writing Essays for Pupils"},"content":{"rendered":"<\/p>\n<p>Many students today are beginning to research receiving their essays written for them so that they can get their grades up and get into the college of their choice. However, it is important to be aware that the caliber of the article is equally as critical as the original one. The college could be prepared to accept a paper with significant<!--more--> errors, but they can&#8217;t allow it to be good enough to help you get in.<\/p>\n<p>When you&#8217;re a brand new student applying to a college that you would like to make sure you don&#8217;t fall behind on your needs. For this reason you need to concentrate on writing a composition which has some great content. If your essay is not that successful, it will be quite hard to get it accepted.<\/p>\n<p>1 approach to compose an article online <a href=\"https:\/\/rechtschreibprufung.click\/textprufung\">textpr\u00fcfung online<\/a> without a great deal of effort is to purchase custom papers that have <a href=\"https:\/\/analisi-grammaticale.top\/\">analisi grammaticale<\/a> a lot of excellent content and incorporate these on your newspapers to help improve your writing skills. You should be sure that you get plenty of practice in before you submit your own essay. It&#8217;s always best to have additional time to write essays that will be similar in fashion. In this manner, if you have been using one style for decades, it will not be too much of a problem to switch into another.<\/p>\n<p>To be able to write a good essay, you will have to place a lot of work into it. It is best to start with writing out as many thoughts as possible in regards to the topic. Your aim is to come up with some fantastic facts which are going to be representative of the subject.<\/p>\n<p>You&#8217;ll need to include different sorts of resources so that you may compare your own arguments against other things which were written about the exact same topic. Be sure that you are aware of exactly what people have said on the subject before you try to write your essay. The ideal method to do it is to come across websites that have written an essay about exactly the identical topic and read them.<\/p>\n<p>There are a few topics which are too broad for a persuasive essay so you will need to limit your scope and concentrate on the points that are most important to you. You will also have to write some examples so you can observe how the argument will apply to your real life situation. Some of the examples might be your very best evidence that you could work out it.<\/p>\n<p>You will also have to get a great deal of confidence when composing your essay. You don&#8217;t want to allow something like that slide and not be able to say why you think it is true. This could lead to significant problems later on your school career.<\/p>\n<p>Last, you will have to remember that you shouldn&#8217;t rush the writing of your article. You would like to get it perfect and not overdo it. Bear in mind that the college should get it right so that you to be accepted in their school of choice.<\/p>\n","protected":false},"excerpt":{"rendered":"<p>Many students today are beginning to research receiving their essays written for them so that they can get their grades up and get into the college of their choice. However, it is important to be aware that the caliber of the article is equally as&#8230;<\/p>\n","protected":false},"author":4,"featured_media":0,"parent":0,"menu_order":0,"comment_status":"closed","ping_status":"closed","template":"","meta":{"footnotes":""},"class_list":["post-3541","page","type-page","status-publish","hentry"],"yoast_head":"<!-- This site is optimized with the Yoast SEO plugin v23.8 - https:\/\/yoast.com\/wordpress\/plugins\/seo\/ -->\n<title>Writing Essays for Pupils | Protec Ingenieria | Cortinas Met\u00e1licas, cortinas met\u00e1licas antivand\u00e1licas, cortinas metalicas industriales, cortinas metalicas Galpones, Biombo Metalico, cortina metalica, cortinas metalicas enrrollables, cortinas metalicas precios, venta de cortinas metalicas, cortina met\u00e1lica, cortinas met\u00e1licas, cortinas metalicas chile, cortinas metalicas manuales, cortinas metalicas santiago, Persianas aluminio, Persinas aluminio motorizada, Puertas met\u00e1licas, Puertas Industriales, Puertas de seguridad, Puertas Antivand\u00e1licas, Puertas Blindadas, Puertas Antiflama, Puertas Antiflama F-30, Puertas Antiflama F-60, Puertas Antiflama F-90, Puertas Antiflama F-120, Puertas Met\u00e1licas Celos\u00edas, Puertas Met\u00e1licas Mallas<\/title>\n<meta name=\"robots\" content=\"index, follow, max-snippet:-1, max-image-preview:large, max-video-preview:-1\" \/>\n<link rel=\"canonical\" href=\"https:\/\/protecingenieria.cl\/index.php\/writing-essays-for-pupils\/\" \/>\n<meta property=\"og:locale\" content=\"es_ES\" \/>\n<meta property=\"og:type\" content=\"article\" \/>\n<meta property=\"og:title\" content=\"Writing Essays for Pupils | Protec Ingenieria | Cortinas Met\u00e1licas, cortinas met\u00e1licas antivand\u00e1licas, cortinas metalicas industriales, cortinas metalicas Galpones, Biombo Metalico, cortina metalica, cortinas metalicas enrrollables, cortinas metalicas precios, venta de cortinas metalicas, cortina met\u00e1lica, cortinas met\u00e1licas, cortinas metalicas chile, cortinas metalicas manuales, cortinas metalicas santiago, Persianas aluminio, Persinas aluminio motorizada, Puertas met\u00e1licas, Puertas Industriales, Puertas de seguridad, Puertas Antivand\u00e1licas, Puertas Blindadas, Puertas Antiflama, Puertas Antiflama F-30, Puertas Antiflama F-60, Puertas Antiflama F-90, Puertas Antiflama F-120, Puertas Met\u00e1licas Celos\u00edas, Puertas Met\u00e1licas Mallas\" \/>\n<meta property=\"og:description\" content=\"Many students today are beginning to research receiving their essays written for them so that they can get their grades up and get into the college of their choice. However, it is important to be aware that the caliber of the article is equally as...\" \/>\n<meta property=\"og:url\" content=\"https:\/\/protecingenieria.cl\/index.php\/writing-essays-for-pupils\/\" \/>\n<meta property=\"og:site_name\" content=\"Protec Ingenieria | Cortinas Met\u00e1licas, cortinas met\u00e1licas antivand\u00e1licas, cortinas metalicas industriales, cortinas metalicas Galpones, Biombo Metalico, cortina metalica, cortinas metalicas enrrollables, cortinas metalicas precios, venta de cortinas metalicas, cortina met\u00e1lica, cortinas met\u00e1licas, cortinas metalicas chile, cortinas metalicas manuales, cortinas metalicas santiago, Persianas aluminio, Persinas aluminio motorizada, Puertas met\u00e1licas, Puertas Industriales, Puertas de seguridad, Puertas Antivand\u00e1licas, Puertas Blindadas, Puertas Antiflama, Puertas Antiflama F-30, Puertas Antiflama F-60, Puertas Antiflama F-90, Puertas Antiflama F-120, Puertas Met\u00e1licas Celos\u00edas, Puertas Met\u00e1licas Mallas\" \/>\n<meta name=\"twitter:card\" content=\"summary_large_image\" \/>\n<meta name=\"twitter:label1\" content=\"Tiempo de lectura\" \/>\n\t<meta name=\"twitter:data1\" content=\"3 minutos\" \/>\n<script type=\"application\/ld+json\" class=\"yoast-schema-graph\">{\"@context\":\"https:\/\/schema.org\",\"@graph\":[{\"@type\":\"WebPage\",\"@id\":\"https:\/\/protecingenieria.cl\/index.php\/writing-essays-for-pupils\/\",\"url\":\"https:\/\/protecingenieria.cl\/index.php\/writing-essays-for-pupils\/\",\"name\":\"Writing Essays for Pupils | Protec Ingenieria | Cortinas Met\u00e1licas, cortinas met\u00e1licas antivand\u00e1licas, cortinas metalicas industriales, cortinas metalicas Galpones, Biombo Metalico, cortina metalica, cortinas metalicas enrrollables, cortinas metalicas precios, venta de cortinas metalicas, cortina met\u00e1lica, cortinas met\u00e1licas, cortinas metalicas chile, cortinas metalicas manuales, cortinas metalicas santiago, Persianas aluminio, Persinas aluminio motorizada, Puertas met\u00e1licas, Puertas Industriales, Puertas de seguridad, Puertas Antivand\u00e1licas, Puertas Blindadas, Puertas Antiflama, Puertas Antiflama F-30, Puertas Antiflama F-60, Puertas Antiflama F-90, Puertas Antiflama F-120, Puertas Met\u00e1licas Celos\u00edas, Puertas Met\u00e1licas Mallas\",\"isPartOf\":{\"@id\":\"https:\/\/protecingenieria.cl\/#website\"},\"datePublished\":\"2023-04-13T21:29:33+00:00\",\"dateModified\":\"2023-04-13T21:29:33+00:00\",\"breadcrumb\":{\"@id\":\"https:\/\/protecingenieria.cl\/index.php\/writing-essays-for-pupils\/#breadcrumb\"},\"inLanguage\":\"es\",\"potentialAction\":[{\"@type\":\"ReadAction\",\"target\":[\"https:\/\/protecingenieria.cl\/index.php\/writing-essays-for-pupils\/\"]}]},{\"@type\":\"BreadcrumbList\",\"@id\":\"https:\/\/protecingenieria.cl\/index.php\/writing-essays-for-pupils\/#breadcrumb\",\"itemListElement\":[{\"@type\":\"ListItem\",\"position\":1,\"name\":\"Portada\",\"item\":\"https:\/\/protecingenieria.cl\/\"},{\"@type\":\"ListItem\",\"position\":2,\"name\":\"Writing Essays for Pupils\"}]},{\"@type\":\"WebSite\",\"@id\":\"https:\/\/protecingenieria.cl\/#website\",\"url\":\"https:\/\/protecingenieria.cl\/\",\"name\":\"Protec Ingenieria | Cortinas Met\u00e1licas, cortinas met\u00e1licas antivand\u00e1licas, cortinas metalicas industriales, cortinas metalicas Galpones, Biombo Metalico, cortina metalica, cortinas metalicas enrrollables, cortinas metalicas precios, venta de cortinas metalicas, cortina met\u00e1lica, cortinas met\u00e1licas, cortinas metalicas chile, cortinas metalicas manuales, cortinas metalicas santiago, Persianas aluminio, Persinas aluminio motorizada, Puertas met\u00e1licas, Puertas Industriales, Puertas de seguridad, Puertas Antivand\u00e1licas, Puertas Blindadas, Puertas Antiflama, Puertas Antiflama F-30, Puertas Antiflama F-60, Puertas Antiflama F-90, Puertas Antiflama F-120, Puertas Met\u00e1licas Celos\u00edas, Puertas Met\u00e1licas Mallas\",\"description\":\"Protec Ingenieria | cortinas met\u00e1licas, cortinas met\u00e1licas antivand\u00e1licas, cortinas metalicas industriales, cortinas metalicas Galpones, Biombo Metalico, cortina metalica, cortinas metalicas enrrollables, cortinas metalicas precios, venta de cortinas metalicas, cortina met\u00e1lica, cortinas met\u00e1licas, cortinas metalicas chile, cortinas metalicas manuales, cortinas metalicas santiago, Persianas aluminio, Persinas aluminio motorizada, Puertas met\u00e1licas, Puertas Industriales, Puertas de seguridad, Puertas Antivand\u00e1licas, Puertas Blindadas, Puertas Antiflama, Puertas Antiflama F-30, Puertas Antiflama F-60, Puertas Antiflama F-90, Puertas Antiflama F-120, Puertas Met\u00e1licas Celos\u00edas, Puertas Met\u00e1licas Mallas\",\"publisher\":{\"@id\":\"https:\/\/protecingenieria.cl\/#organization\"},\"potentialAction\":[{\"@type\":\"SearchAction\",\"target\":{\"@type\":\"EntryPoint\",\"urlTemplate\":\"https:\/\/protecingenieria.cl\/?s={search_term_string}\"},\"query-input\":{\"@type\":\"PropertyValueSpecification\",\"valueRequired\":true,\"valueName\":\"search_term_string\"}}],\"inLanguage\":\"es\"},{\"@type\":\"Organization\",\"@id\":\"https:\/\/protecingenieria.cl\/#organization\",\"name\":\"Protec Ingenieria\",\"url\":\"https:\/\/protecingenieria.cl\/\",\"logo\":{\"@type\":\"ImageObject\",\"inLanguage\":\"es\",\"@id\":\"https:\/\/protecingenieria.cl\/#\/schema\/logo\/image\/\",\"url\":\"https:\/\/protecingenieria.cl\/wp-content\/uploads\/2018\/08\/Copia-de-logo-nuevo-protec.jpg\",\"contentUrl\":\"https:\/\/protecingenieria.cl\/wp-content\/uploads\/2018\/08\/Copia-de-logo-nuevo-protec.jpg\",\"width\":1867,\"height\":1025,\"caption\":\"Protec Ingenieria\"},\"image\":{\"@id\":\"https:\/\/protecingenieria.cl\/#\/schema\/logo\/image\/\"}}]}<\/script>\n<!-- \/ Yoast SEO plugin. -->","yoast_head_json":{"title":"Writing Essays for Pupils | Protec Ingenieria | Cortinas Met\u00e1licas, cortinas met\u00e1licas antivand\u00e1licas, cortinas metalicas industriales, cortinas metalicas Galpones, Biombo Metalico, cortina metalica, cortinas metalicas enrrollables, cortinas metalicas precios, venta de cortinas metalicas, cortina met\u00e1lica, cortinas met\u00e1licas, cortinas metalicas chile, cortinas metalicas manuales, cortinas metalicas santiago, Persianas aluminio, Persinas aluminio motorizada, Puertas met\u00e1licas, Puertas Industriales, Puertas de seguridad, Puertas Antivand\u00e1licas, Puertas Blindadas, Puertas Antiflama, Puertas Antiflama F-30, Puertas Antiflama F-60, Puertas Antiflama F-90, Puertas Antiflama F-120, Puertas Met\u00e1licas Celos\u00edas, Puertas Met\u00e1licas Mallas","robots":{"index":"index","follow":"follow","max-snippet":"max-snippet:-1","max-image-preview":"max-image-preview:large","max-video-preview":"max-video-preview:-1"},"canonical":"https:\/\/protecingenieria.cl\/index.php\/writing-essays-for-pupils\/","og_locale":"es_ES","og_type":"article","og_title":"Writing Essays for Pupils | Protec Ingenieria | Cortinas Met\u00e1licas, cortinas met\u00e1licas antivand\u00e1licas, cortinas metalicas industriales, cortinas metalicas Galpones, Biombo Metalico, cortina metalica, cortinas metalicas enrrollables, cortinas metalicas precios, venta de cortinas metalicas, cortina met\u00e1lica, cortinas met\u00e1licas, cortinas metalicas chile, cortinas metalicas manuales, cortinas metalicas santiago, Persianas aluminio, Persinas aluminio motorizada, Puertas met\u00e1licas, Puertas Industriales, Puertas de seguridad, Puertas Antivand\u00e1licas, Puertas Blindadas, Puertas Antiflama, Puertas Antiflama F-30, Puertas Antiflama F-60, Puertas Antiflama F-90, Puertas Antiflama F-120, Puertas Met\u00e1licas Celos\u00edas, Puertas Met\u00e1licas Mallas","og_description":"Many students today are beginning to research receiving their essays written for them so that they can get their grades up and get into the college of their choice. However, it is important to be aware that the caliber of the article is equally as...","og_url":"https:\/\/protecingenieria.cl\/index.php\/writing-essays-for-pupils\/","og_site_name":"Protec Ingenieria | Cortinas Met\u00e1licas, cortinas met\u00e1licas antivand\u00e1licas, cortinas metalicas industriales, cortinas metalicas Galpones, Biombo Metalico, cortina metalica, cortinas metalicas enrrollables, cortinas metalicas precios, venta de cortinas metalicas, cortina met\u00e1lica, cortinas met\u00e1licas, cortinas metalicas chile, cortinas metalicas manuales, cortinas metalicas santiago, Persianas aluminio, Persinas aluminio motorizada, Puertas met\u00e1licas, Puertas Industriales, Puertas de seguridad, Puertas Antivand\u00e1licas, Puertas Blindadas, Puertas Antiflama, Puertas Antiflama F-30, Puertas Antiflama F-60, Puertas Antiflama F-90, Puertas Antiflama F-120, Puertas Met\u00e1licas Celos\u00edas, Puertas Met\u00e1licas Mallas","twitter_card":"summary_large_image","twitter_misc":{"Tiempo de lectura":"3 minutos"},"schema":{"@context":"https:\/\/schema.org","@graph":[{"@type":"WebPage","@id":"https:\/\/protecingenieria.cl\/index.php\/writing-essays-for-pupils\/","url":"https:\/\/protecingenieria.cl\/index.php\/writing-essays-for-pupils\/","name":"Writing Essays for Pupils | Protec Ingenieria | Cortinas Met\u00e1licas, cortinas met\u00e1licas antivand\u00e1licas, cortinas metalicas industriales, cortinas metalicas Galpones, Biombo Metalico, cortina metalica, cortinas metalicas enrrollables, cortinas metalicas precios, venta de cortinas metalicas, cortina met\u00e1lica, cortinas met\u00e1licas, cortinas metalicas chile, cortinas metalicas manuales, cortinas metalicas santiago, Persianas aluminio, Persinas aluminio motorizada, Puertas met\u00e1licas, Puertas Industriales, Puertas de seguridad, Puertas Antivand\u00e1licas, Puertas Blindadas, Puertas Antiflama, Puertas Antiflama F-30, Puertas Antiflama F-60, Puertas Antiflama F-90, Puertas Antiflama F-120, Puertas Met\u00e1licas Celos\u00edas, Puertas Met\u00e1licas Mallas","isPartOf":{"@id":"https:\/\/protecingenieria.cl\/#website"},"datePublished":"2023-04-13T21:29:33+00:00","dateModified":"2023-04-13T21:29:33+00:00","breadcrumb":{"@id":"https:\/\/protecingenieria.cl\/index.php\/writing-essays-for-pupils\/#breadcrumb"},"inLanguage":"es","potentialAction":[{"@type":"ReadAction","target":["https:\/\/protecingenieria.cl\/index.php\/writing-essays-for-pupils\/"]}]},{"@type":"BreadcrumbList","@id":"https:\/\/protecingenieria.cl\/index.php\/writing-essays-for-pupils\/#breadcrumb","itemListElement":[{"@type":"ListItem","position":1,"name":"Portada","item":"https:\/\/protecingenieria.cl\/"},{"@type":"ListItem","position":2,"name":"Writing Essays for Pupils"}]},{"@type":"WebSite","@id":"https:\/\/protecingenieria.cl\/#website","url":"https:\/\/protecingenieria.cl\/","name":"Protec Ingenieria | Cortinas Met\u00e1licas, cortinas met\u00e1licas antivand\u00e1licas, cortinas metalicas industriales, cortinas metalicas Galpones, Biombo Metalico, cortina metalica, cortinas metalicas enrrollables, cortinas metalicas precios, venta de cortinas metalicas, cortina met\u00e1lica, cortinas met\u00e1licas, cortinas metalicas chile, cortinas metalicas manuales, cortinas metalicas santiago, Persianas aluminio, Persinas aluminio motorizada, Puertas met\u00e1licas, Puertas Industriales, Puertas de seguridad, Puertas Antivand\u00e1licas, Puertas Blindadas, Puertas Antiflama, Puertas Antiflama F-30, Puertas Antiflama F-60, Puertas Antiflama F-90, Puertas Antiflama F-120, Puertas Met\u00e1licas Celos\u00edas, Puertas Met\u00e1licas Mallas","description":"Protec Ingenieria | cortinas met\u00e1licas, cortinas met\u00e1licas antivand\u00e1licas, cortinas metalicas industriales, cortinas metalicas Galpones, Biombo Metalico, cortina metalica, cortinas metalicas enrrollables, cortinas metalicas precios, venta de cortinas metalicas, cortina met\u00e1lica, cortinas met\u00e1licas, cortinas metalicas chile, cortinas metalicas manuales, cortinas metalicas santiago, Persianas aluminio, Persinas aluminio motorizada, Puertas met\u00e1licas, Puertas Industriales, Puertas de seguridad, Puertas Antivand\u00e1licas, Puertas Blindadas, Puertas Antiflama, Puertas Antiflama F-30, Puertas Antiflama F-60, Puertas Antiflama F-90, Puertas Antiflama F-120, Puertas Met\u00e1licas Celos\u00edas, Puertas Met\u00e1licas Mallas","publisher":{"@id":"https:\/\/protecingenieria.cl\/#organization"},"potentialAction":[{"@type":"SearchAction","target":{"@type":"EntryPoint","urlTemplate":"https:\/\/protecingenieria.cl\/?s={search_term_string}"},"query-input":{"@type":"PropertyValueSpecification","valueRequired":true,"valueName":"search_term_string"}}],"inLanguage":"es"},{"@type":"Organization","@id":"https:\/\/protecingenieria.cl\/#organization","name":"Protec Ingenieria","url":"https:\/\/protecingenieria.cl\/","logo":{"@type":"ImageObject","inLanguage":"es","@id":"https:\/\/protecingenieria.cl\/#\/schema\/logo\/image\/","url":"https:\/\/protecingenieria.cl\/wp-content\/uploads\/2018\/08\/Copia-de-logo-nuevo-protec.jpg","contentUrl":"https:\/\/protecingenieria.cl\/wp-content\/uploads\/2018\/08\/Copia-de-logo-nuevo-protec.jpg","width":1867,"height":1025,"caption":"Protec Ingenieria"},"image":{"@id":"https:\/\/protecingenieria.cl\/#\/schema\/logo\/image\/"}}]}},"_links":{"self":[{"href":"https:\/\/protecingenieria.cl\/index.php\/wp-json\/wp\/v2\/pages\/3541","targetHints":{"allow":["GET"]}}],"collection":[{"href":"https:\/\/protecingenieria.cl\/index.php\/wp-json\/wp\/v2\/pages"}],"about":[{"href":"https:\/\/protecingenieria.cl\/index.php\/wp-json\/wp\/v2\/types\/page"}],"author":[{"embeddable":true,"href":"https:\/\/protecingenieria.cl\/index.php\/wp-json\/wp\/v2\/users\/4"}],"replies":[{"embeddable":true,"href":"https:\/\/protecingenieria.cl\/index.php\/wp-json\/wp\/v2\/comments?post=3541"}],"version-history":[{"count":1,"href":"https:\/\/protecingenieria.cl\/index.php\/wp-json\/wp\/v2\/pages\/3541\/revisions"}],"predecessor-version":[{"id":3542,"href":"https:\/\/protecingenieria.cl\/index.php\/wp-json\/wp\/v2\/pages\/3541\/revisions\/3542"}],"wp:attachment":[{"href":"https:\/\/protecingenieria.cl\/index.php\/wp-json\/wp\/v2\/media?parent=3541"}],"curies":[{"name":"wp","href":"https:\/\/api.w.org\/{rel}","templated":true}]}}